{"id":243,"date":"2024-12-02T21:56:47","date_gmt":"2024-12-02T20:56:47","guid":{"rendered":"https:\/\/grandsiam-thaimassage.de\/?page_id=243"},"modified":"2025-09-19T18:48:09","modified_gmt":"2025-09-19T16:48:09","slug":"gutscheine","status":"publish","type":"page","link":"https:\/\/grandsiam-thaimassage.de\/index.php\/gutscheine\/","title":{"rendered":"Gutscheine"},"content":{"rendered":"\n<h2 class=\"wp-block-heading\">Gutscheine<\/h2>\n\n\n\n<div class=\"wp-block-columns is-layout-flex wp-container-core-columns-is-layout-28f84493 wp-block-columns-is-layout-flex\">\n<div class=\"wp-block-column ix-border-lft-rgt ix-padding-625 ix-margin-top-25 is-layout-flow wp-block-column-is-layout-flow\">\n<p class=\"has-text-align-center has-contrast-color has-text-color has-link-color wp-elements-cccd092317df9aaf7425df63f826cfb7\">Schenken Sie Freunden oder der Familie eine Auszeit mit einer Massage von Grandsiam Thai-Massage. Es liegen immer passende Gutscheine zur Auswahl in unserem Salon f\u00fcr Sie bereit.<\/p>\n<\/div>\n\n\n\n<div class=\"wp-block-column is-layout-flow wp-block-column-is-layout-flow\">\n<figure class=\"wp-block-image size-full\"><img loading=\"lazy\" decoding=\"async\" width=\"530\" height=\"190\" src=\"https:\/\/grandsiam-thaimassage.de\/wp-content\/uploads\/2024\/12\/Grand-Gutschein-aussen2566-1.png\" alt=\"\" class=\"wp-image-351\" srcset=\"https:\/\/grandsiam-thaimassage.de\/wp-content\/uploads\/2024\/12\/Grand-Gutschein-aussen2566-1.png 530w, https:\/\/grandsiam-thaimassage.de\/wp-content\/uploads\/2024\/12\/Grand-Gutschein-aussen2566-1-300x108.png 300w\" sizes=\"auto, (max-width: 530px) 100vw, 530px\" \/><\/figure>\n<\/div>\n<\/div>\n\n\n<!-- booking container -->\n<div id=\"ix-custom-container\">\n<div class=\"ix-block ix-btn-con\" data-form-reference=\"bk-overview\">\n<button id=\"button-bookings\" class=\"main-btn ix-txt-ctrl pointer bg-clr-teal-65\" style=\"min-width:220px\">Termin Buchen ><\/button>\n<\/div>\n<\/div>\n\n<p><!-- CUSTOM FORM CONTENTS --><\/p>\n<div id=\"ix-custom-container\" class=\"ix-custom-container\" style>\n<form id=\"ix-custom-form-voucher\" class=\"ix-custom-form-container\">\n<fieldset id=\"ix-custom-fs-container\">\n<legend class=\"has-contrast-color has-text-color has-link-color has-medium-font-size\">Bitte f\u00fcllen Sie nachfolgendes Formular aus und senden es an uns.<\/legend>\n<div class=\"\"><label class=\"ix-label\">Name<\/label><input class=\"ix-txt-ctrl\" autocomplete=\"none\" name=\"v_name\" type=\"text\" \/><\/div>\n<div class=\"\"><label class=\"ix-label\">Telefon(F\u00fcr R\u00fcckfragen)<\/label><input class=\"ix-txt-ctrl\" name=\"v_telephone\" type=\"text\" \/><\/div>\n\n<!-- LEISTUNGEN AUSWAHL -->\n<div class=\"\">\n<div id=\"selection-options-ctrls\">\n<fieldset>\n<legend>Leistung Auswahl<\/legend>\n<div id=\"selection-options-placeholder\" class=\"blink-image\">&nbsp;<\/div>\n<p id=\"selection-options-services\"><\/p>\n<\/fieldset>\n<\/div>\n<\/div><!-- END LEISTUNGEN AUSWAHL -->\n\n<!-- BETRAG -->\n<div class=\"\"><label class=\"ix-label\">Betrag<\/label><input class=\"ix-ctrl-rgt ix-ctrl-txt-amount\" name=\"v_amount\" type=\"text\" value=\"0\" data-reference=\"0\" \/><span class=\"ix-span\">Euro<\/span><\/div>\n<!-- ZAHLUNGSOPTIONEN -->\n<div class=\"ix-block\"><label class=\"ix-label-chk\">Zahlungsoption<\/label><!-- BANK \u00dcBERWEISUNG --><span class=\"ix-span-block\"><input name=\"v_payment_source\" type=\"radio\" value=\"transfer\" \/><span class=\"ix-span\">Bank \u00dcberweisung<\/span><\/span><!-- PAYPAL OPTION --><span class=\"ix-span-block\"><input name=\"v_payment_source\" type=\"radio\" value=\"paypal\" \/><span class=\"ix-span\">Paypal<\/span><\/span><!-- BARZAHLUNG --><span class=\"ix-span-block\"><input name=\"v_payment_source\" type=\"radio\" value=\"cash\" \/><span class=\"ix-span\">Barzahlung<\/span><\/span><\/div>\n<div id=\"ix-use-bank-ppal-acct\" class=\"ix-ctrl-hide\"><\/div>\n<!-- EMPFANGOPTIONEN -->\n<div class=\"ix-block\">\n<label class=\"ix-label-chk\">Empfangsoption<\/label>\n<!-- POST -->\n<span class=\"ix-span-block\"><input name=\"v_delivery_method\" type=\"radio\" value=\"post\" \/><span class=\"ix-span\">Per Post<\/span><\/span>\n<!-- DOWNLOAD\n<span class=\"ix-span-block\"><input name=\"v_delivery_method\" type=\"radio\" value=\"download\" \/><span class=\"ix-span\">Download<\/span><\/span> -->\n<!-- ABHOLUNG -->\n<span class=\"ix-span-block\"><input name=\"v_delivery_method\" type=\"radio\" value=\"pickup\"\/><span class=\"ix-span\">Abholung<\/span><\/span>\n<\/div>\n<div id=\"ix-collect-container\" class=\"ix-ctrl-hide\"><\/div>\n<div class=\"ix-block\">\n<label class=\"ix-label\">Nachricht(Optional)<\/label>\n<textarea class=\"ix-txt-ctrl\" name=\"v_message\"><\/textarea><\/div>\n<div class=\"ix-block\">\n<button id=\"button-order-voucher\" class=\"ix-txt-ctrl pointer bg-clr-teal-65\" name=\"order_voucher\">Gutscheine Bestellen<\/button>\n<\/div>\n<div id=\"re-order-voucher\" class=\"ix-ctrl-hide ix-ctrl-ctr\">\n<span class=\"pointer\">Gutscheine noch mal bestellen<\/span>\n<\/div>\n<\/fieldset>\n<\/form>\n<\/div>","protected":false},"excerpt":{"rendered":"<p>Gutscheine Schenken Sie Freunden oder der Familie eine Auszeit mit einer Massage von Grandsiam Thai-Massage. Es liegen immer passende Gutscheine zur Auswahl in unserem Salon f\u00fcr Sie bereit. Termin Buchen > Bitte f\u00fcllen Sie nachfolgendes Formular aus und senden es an uns. Name Telefon(F\u00fcr R\u00fcckfragen) Leistung Auswahl &nbsp; BetragEuro ZahlungsoptionBank \u00dcberweisungPaypalBarzahlung Empfangsoption Per Post Abholung [&hellip;]<\/p>\n","protected":false},"author":1,"featured_media":0,"parent":0,"menu_order":0,"comment_status":"closed","ping_status":"closed","template":"","meta":{"footnotes":""},"class_list":["post-243","page","type-page","status-publish","hentry"],"yoast_head":"<!-- This site is optimized with the Yoast SEO plugin v26.9 - https:\/\/yoast.com\/product\/yoast-seo-wordpress\/ -->\n<title>Gutscheine - Grandsiam Thaimassage Schwerte<\/title>\n<meta name=\"robots\" content=\"index, follow, max-snippet:-1, max-image-preview:large, max-video-preview:-1\" \/>\n<link rel=\"canonical\" href=\"https:\/\/grandsiam-thaimassage.de\/index.php\/gutscheine\/\" \/>\n<meta property=\"og:locale\" content=\"de_DE\" \/>\n<meta property=\"og:type\" content=\"article\" \/>\n<meta property=\"og:title\" content=\"Gutscheine - Grandsiam Thaimassage Schwerte\" \/>\n<meta property=\"og:description\" content=\"Gutscheine Schenken Sie Freunden oder der Familie eine Auszeit mit einer Massage von Grandsiam Thai-Massage. Es liegen immer passende Gutscheine zur Auswahl in unserem Salon f\u00fcr Sie bereit. Termin Buchen &gt; Bitte f\u00fcllen Sie nachfolgendes Formular aus und senden es an uns. Name Telefon(F\u00fcr R\u00fcckfragen) Leistung Auswahl &nbsp; BetragEuro ZahlungsoptionBank \u00dcberweisungPaypalBarzahlung Empfangsoption Per Post Abholung [&hellip;]\" \/>\n<meta property=\"og:url\" content=\"https:\/\/grandsiam-thaimassage.de\/index.php\/gutscheine\/\" \/>\n<meta property=\"og:site_name\" content=\"Grandsiam Thaimassage Schwerte\" \/>\n<meta property=\"article:modified_time\" content=\"2025-09-19T16:48:09+00:00\" \/>\n<meta property=\"og:image\" content=\"https:\/\/grandsiam-thaimassage.de\/wp-content\/uploads\/2024\/12\/Grand-Gutschein-aussen2566-1.png\" \/>\n\t<meta property=\"og:image:width\" content=\"530\" \/>\n\t<meta property=\"og:image:height\" content=\"190\" \/>\n\t<meta property=\"og:image:type\" content=\"image\/png\" \/>\n<meta name=\"twitter:card\" content=\"summary_large_image\" \/>\n<meta name=\"twitter:label1\" content=\"Gesch\u00e4tzte Lesezeit\" \/>\n\t<meta name=\"twitter:data1\" content=\"1\u00a0Minute\" \/>\n<script type=\"application\/ld+json\" class=\"yoast-schema-graph\">{\"@context\":\"https:\/\/schema.org\",\"@graph\":[{\"@type\":\"WebPage\",\"@id\":\"https:\/\/grandsiam-thaimassage.de\/index.php\/gutscheine\/\",\"url\":\"https:\/\/grandsiam-thaimassage.de\/index.php\/gutscheine\/\",\"name\":\"Gutscheine - Grandsiam Thaimassage Schwerte\",\"isPartOf\":{\"@id\":\"https:\/\/grandsiam-thaimassage.de\/#website\"},\"primaryImageOfPage\":{\"@id\":\"https:\/\/grandsiam-thaimassage.de\/index.php\/gutscheine\/#primaryimage\"},\"image\":{\"@id\":\"https:\/\/grandsiam-thaimassage.de\/index.php\/gutscheine\/#primaryimage\"},\"thumbnailUrl\":\"https:\/\/grandsiam-thaimassage.de\/wp-content\/uploads\/2024\/12\/Grand-Gutschein-aussen2566-1.png\",\"datePublished\":\"2024-12-02T20:56:47+00:00\",\"dateModified\":\"2025-09-19T16:48:09+00:00\",\"breadcrumb\":{\"@id\":\"https:\/\/grandsiam-thaimassage.de\/index.php\/gutscheine\/#breadcrumb\"},\"inLanguage\":\"de\",\"potentialAction\":[{\"@type\":\"ReadAction\",\"target\":[\"https:\/\/grandsiam-thaimassage.de\/index.php\/gutscheine\/\"]}]},{\"@type\":\"ImageObject\",\"inLanguage\":\"de\",\"@id\":\"https:\/\/grandsiam-thaimassage.de\/index.php\/gutscheine\/#primaryimage\",\"url\":\"https:\/\/grandsiam-thaimassage.de\/wp-content\/uploads\/2024\/12\/Grand-Gutschein-aussen2566-1.png\",\"contentUrl\":\"https:\/\/grandsiam-thaimassage.de\/wp-content\/uploads\/2024\/12\/Grand-Gutschein-aussen2566-1.png\",\"width\":530,\"height\":190},{\"@type\":\"BreadcrumbList\",\"@id\":\"https:\/\/grandsiam-thaimassage.de\/index.php\/gutscheine\/#breadcrumb\",\"itemListElement\":[{\"@type\":\"ListItem\",\"position\":1,\"name\":\"Startseite\",\"item\":\"https:\/\/grandsiam-thaimassage.de\/\"},{\"@type\":\"ListItem\",\"position\":2,\"name\":\"Gutscheine\"}]},{\"@type\":\"WebSite\",\"@id\":\"https:\/\/grandsiam-thaimassage.de\/#website\",\"url\":\"https:\/\/grandsiam-thaimassage.de\/\",\"name\":\"Grandsiam Thaimassage Schwerte\",\"description\":\"\",\"publisher\":{\"@id\":\"https:\/\/grandsiam-thaimassage.de\/#organization\"},\"potentialAction\":[{\"@type\":\"SearchAction\",\"target\":{\"@type\":\"EntryPoint\",\"urlTemplate\":\"https:\/\/grandsiam-thaimassage.de\/?s={search_term_string}\"},\"query-input\":{\"@type\":\"PropertyValueSpecification\",\"valueRequired\":true,\"valueName\":\"search_term_string\"}}],\"inLanguage\":\"de\"},{\"@type\":\"Organization\",\"@id\":\"https:\/\/grandsiam-thaimassage.de\/#organization\",\"name\":\"Grandsiam Thaimassage Schwerte\",\"url\":\"https:\/\/grandsiam-thaimassage.de\/\",\"logo\":{\"@type\":\"ImageObject\",\"inLanguage\":\"de\",\"@id\":\"https:\/\/grandsiam-thaimassage.de\/#\/schema\/logo\/image\/\",\"url\":\"https:\/\/grandsiam-thaimassage.de\/wp-content\/uploads\/2024\/11\/grand_siam_logo.png\",\"contentUrl\":\"https:\/\/grandsiam-thaimassage.de\/wp-content\/uploads\/2024\/11\/grand_siam_logo.png\",\"width\":248,\"height\":62,\"caption\":\"Grandsiam Thaimassage Schwerte\"},\"image\":{\"@id\":\"https:\/\/grandsiam-thaimassage.de\/#\/schema\/logo\/image\/\"}}]}<\/script>\n<!-- \/ Yoast SEO plugin. -->","yoast_head_json":{"title":"Gutscheine - Grandsiam Thaimassage Schwerte","robots":{"index":"index","follow":"follow","max-snippet":"max-snippet:-1","max-image-preview":"max-image-preview:large","max-video-preview":"max-video-preview:-1"},"canonical":"https:\/\/grandsiam-thaimassage.de\/index.php\/gutscheine\/","og_locale":"de_DE","og_type":"article","og_title":"Gutscheine - Grandsiam Thaimassage Schwerte","og_description":"Gutscheine Schenken Sie Freunden oder der Familie eine Auszeit mit einer Massage von Grandsiam Thai-Massage. Es liegen immer passende Gutscheine zur Auswahl in unserem Salon f\u00fcr Sie bereit. Termin Buchen > Bitte f\u00fcllen Sie nachfolgendes Formular aus und senden es an uns. Name Telefon(F\u00fcr R\u00fcckfragen) Leistung Auswahl &nbsp; BetragEuro ZahlungsoptionBank \u00dcberweisungPaypalBarzahlung Empfangsoption Per Post Abholung [&hellip;]","og_url":"https:\/\/grandsiam-thaimassage.de\/index.php\/gutscheine\/","og_site_name":"Grandsiam Thaimassage Schwerte","article_modified_time":"2025-09-19T16:48:09+00:00","og_image":[{"width":530,"height":190,"url":"https:\/\/grandsiam-thaimassage.de\/wp-content\/uploads\/2024\/12\/Grand-Gutschein-aussen2566-1.png","type":"image\/png"}],"twitter_card":"summary_large_image","twitter_misc":{"Gesch\u00e4tzte Lesezeit":"1\u00a0Minute"},"schema":{"@context":"https:\/\/schema.org","@graph":[{"@type":"WebPage","@id":"https:\/\/grandsiam-thaimassage.de\/index.php\/gutscheine\/","url":"https:\/\/grandsiam-thaimassage.de\/index.php\/gutscheine\/","name":"Gutscheine - Grandsiam Thaimassage Schwerte","isPartOf":{"@id":"https:\/\/grandsiam-thaimassage.de\/#website"},"primaryImageOfPage":{"@id":"https:\/\/grandsiam-thaimassage.de\/index.php\/gutscheine\/#primaryimage"},"image":{"@id":"https:\/\/grandsiam-thaimassage.de\/index.php\/gutscheine\/#primaryimage"},"thumbnailUrl":"https:\/\/grandsiam-thaimassage.de\/wp-content\/uploads\/2024\/12\/Grand-Gutschein-aussen2566-1.png","datePublished":"2024-12-02T20:56:47+00:00","dateModified":"2025-09-19T16:48:09+00:00","breadcrumb":{"@id":"https:\/\/grandsiam-thaimassage.de\/index.php\/gutscheine\/#breadcrumb"},"inLanguage":"de","potentialAction":[{"@type":"ReadAction","target":["https:\/\/grandsiam-thaimassage.de\/index.php\/gutscheine\/"]}]},{"@type":"ImageObject","inLanguage":"de","@id":"https:\/\/grandsiam-thaimassage.de\/index.php\/gutscheine\/#primaryimage","url":"https:\/\/grandsiam-thaimassage.de\/wp-content\/uploads\/2024\/12\/Grand-Gutschein-aussen2566-1.png","contentUrl":"https:\/\/grandsiam-thaimassage.de\/wp-content\/uploads\/2024\/12\/Grand-Gutschein-aussen2566-1.png","width":530,"height":190},{"@type":"BreadcrumbList","@id":"https:\/\/grandsiam-thaimassage.de\/index.php\/gutscheine\/#breadcrumb","itemListElement":[{"@type":"ListItem","position":1,"name":"Startseite","item":"https:\/\/grandsiam-thaimassage.de\/"},{"@type":"ListItem","position":2,"name":"Gutscheine"}]},{"@type":"WebSite","@id":"https:\/\/grandsiam-thaimassage.de\/#website","url":"https:\/\/grandsiam-thaimassage.de\/","name":"Grandsiam Thaimassage Schwerte","description":"","publisher":{"@id":"https:\/\/grandsiam-thaimassage.de\/#organization"},"potentialAction":[{"@type":"SearchAction","target":{"@type":"EntryPoint","urlTemplate":"https:\/\/grandsiam-thaimassage.de\/?s={search_term_string}"},"query-input":{"@type":"PropertyValueSpecification","valueRequired":true,"valueName":"search_term_string"}}],"inLanguage":"de"},{"@type":"Organization","@id":"https:\/\/grandsiam-thaimassage.de\/#organization","name":"Grandsiam Thaimassage Schwerte","url":"https:\/\/grandsiam-thaimassage.de\/","logo":{"@type":"ImageObject","inLanguage":"de","@id":"https:\/\/grandsiam-thaimassage.de\/#\/schema\/logo\/image\/","url":"https:\/\/grandsiam-thaimassage.de\/wp-content\/uploads\/2024\/11\/grand_siam_logo.png","contentUrl":"https:\/\/grandsiam-thaimassage.de\/wp-content\/uploads\/2024\/11\/grand_siam_logo.png","width":248,"height":62,"caption":"Grandsiam Thaimassage Schwerte"},"image":{"@id":"https:\/\/grandsiam-thaimassage.de\/#\/schema\/logo\/image\/"}}]}},"_links":{"self":[{"href":"https:\/\/grandsiam-thaimassage.de\/index.php\/wp-json\/wp\/v2\/pages\/243","targetHints":{"allow":["GET"]}}],"collection":[{"href":"https:\/\/grandsiam-thaimassage.de\/index.php\/wp-json\/wp\/v2\/pages"}],"about":[{"href":"https:\/\/grandsiam-thaimassage.de\/index.php\/wp-json\/wp\/v2\/types\/page"}],"author":[{"embeddable":true,"href":"https:\/\/grandsiam-thaimassage.de\/index.php\/wp-json\/wp\/v2\/users\/1"}],"replies":[{"embeddable":true,"href":"https:\/\/grandsiam-thaimassage.de\/index.php\/wp-json\/wp\/v2\/comments?post=243"}],"version-history":[{"count":88,"href":"https:\/\/grandsiam-thaimassage.de\/index.php\/wp-json\/wp\/v2\/pages\/243\/revisions"}],"predecessor-version":[{"id":768,"href":"https:\/\/grandsiam-thaimassage.de\/index.php\/wp-json\/wp\/v2\/pages\/243\/revisions\/768"}],"wp:attachment":[{"href":"https:\/\/grandsiam-thaimassage.de\/index.php\/wp-json\/wp\/v2\/media?parent=243"}],"curies":[{"name":"wp","href":"https:\/\/api.w.org\/{rel}","templated":true}]}}