{"id":63,"date":"2024-11-22T14:56:32","date_gmt":"2024-11-22T13:56:32","guid":{"rendered":"https:\/\/grandsiam-thaimassage.de\/?page_id=63"},"modified":"2025-09-19T18:54:10","modified_gmt":"2025-09-19T16:54:10","slug":"kontakt","status":"publish","type":"page","link":"https:\/\/grandsiam-thaimassage.de\/index.php\/kontakt\/","title":{"rendered":"Kontakt"},"content":{"rendered":"\n<h3 class=\"wp-block-heading\"><strong>Grand Siam Thaimassage Schwerte<\/strong><\/h3>\n\n\n\n<p>Ostenstr. 32a<br>58239 Schwerte<\/p>\n\n\n\n<p class=\"has-medium-font-size\">Email: info@grandsiam-thaimassage.de<br>Telefon :&nbsp; 0 23 04 \u2013 9 11 85 26<br>Mobil&nbsp;: &nbsp; &nbsp; 01 79 \u2013&nbsp; 566 65 98<\/p>\n\n\n\n<figure class=\"wp-block-image size-full is-resized\"><img loading=\"lazy\" decoding=\"async\" width=\"80\" height=\"80\" src=\"https:\/\/grandsiam-thaimassage.de\/wp-content\/uploads\/2024\/11\/whatse_k.png\" alt=\"\" class=\"wp-image-200\" style=\"width:63px\"\/><\/figure>\n\n\n\n<h3 class=\"wp-block-heading\">\u00d6ffnungszeiten<\/h3>\n\n\n\n<p class=\"has-medium-font-size\">T\u00e4glich von 10:00 bis 19:00 Uhr (Au\u00dfer Dienstags)<br \/>Feiertags ge\u00f6ffnet<\/p>\n\n\n\n<p><\/p>\n\n\n<!-- booking container -->\n<div id=\"ix-custom-container\">\n<div class=\"ix-block ix-btn-con\" data-form-reference=\"bk-overview\">\n<button id=\"button-bookings\" class=\"main-btn ix-txt-ctrl pointer bg-clr-teal-65\" style=\"min-width:220px\">Termin Buchen ><\/button>\n<\/div>\n<\/div>\n\n\n<div class=\"wp-block-group is-vertical is-layout-flex wp-container-core-group-is-layout-fe9cc265 wp-block-group-is-layout-flex\">\n<h3 class=\"wp-block-heading\">Kontaktieren Sie uns<\/h3>\n\n\n\n<div class=\"wp-block-contact-form-7-contact-form-selector\">\n<div class=\"wpcf7 no-js\" id=\"wpcf7-f11-o1\" lang=\"de-DE\" dir=\"ltr\" data-wpcf7-id=\"11\">\n<div class=\"screen-reader-response\"><p role=\"status\" aria-live=\"polite\" aria-atomic=\"true\"><\/p> <ul><\/ul><\/div>\n<form action=\"\/index.php\/wp-json\/wp\/v2\/pages\/63#wpcf7-f11-o1\" method=\"post\" class=\"wpcf7-form init\" aria-label=\"Kontaktformular\" novalidate=\"novalidate\" data-status=\"init\">\n<fieldset class=\"hidden-fields-container\"><input type=\"hidden\" name=\"_wpcf7\" value=\"11\" \/><input type=\"hidden\" name=\"_wpcf7_version\" value=\"6.1.4\" \/><input type=\"hidden\" name=\"_wpcf7_locale\" value=\"de_DE\" \/><input type=\"hidden\" name=\"_wpcf7_unit_tag\" value=\"wpcf7-f11-o1\" \/><input type=\"hidden\" name=\"_wpcf7_container_post\" value=\"0\" \/><input type=\"hidden\" name=\"_wpcf7_posted_data_hash\" value=\"\" \/>\n<\/fieldset>\n<p><label> Dein Name<br \/>\n<span class=\"wpcf7-form-control-wrap\" data-name=\"your-name\"><input size=\"40\" maxlength=\"400\" class=\"wpcf7-form-control wpcf7-text wpcf7-validates-as-required\" autocomplete=\"name\" aria-required=\"true\" aria-invalid=\"false\" value=\"\" type=\"text\" name=\"your-name\" \/><\/span> <\/label>\n<\/p>\n<p><label> Deine E-Mail-Adresse<br \/>\n<span class=\"wpcf7-form-control-wrap\" data-name=\"your-email\"><input size=\"40\" maxlength=\"400\" class=\"wpcf7-form-control wpcf7-email wpcf7-validates-as-required wpcf7-text wpcf7-validates-as-email\" autocomplete=\"email\" aria-required=\"true\" aria-invalid=\"false\" value=\"\" type=\"email\" name=\"your-email\" \/><\/span> <\/label>\n<\/p>\n<p><label> Betreff<br \/>\n<span class=\"wpcf7-form-control-wrap\" data-name=\"your-subject\"><input size=\"40\" maxlength=\"400\" class=\"wpcf7-form-control wpcf7-text wpcf7-validates-as-required\" aria-required=\"true\" aria-invalid=\"false\" value=\"\" type=\"text\" name=\"your-subject\" \/><\/span> <\/label>\n<\/p>\n<p><label> Deine Nachricht (optional)<br \/>\n<span class=\"wpcf7-form-control-wrap\" data-name=\"your-message\"><textarea cols=\"40\" rows=\"10\" maxlength=\"2000\" class=\"wpcf7-form-control wpcf7-textarea\" aria-invalid=\"false\" name=\"your-message\"><\/textarea><\/span> <\/label>\n<\/p>\n<p><input class=\"wpcf7-form-control wpcf7-submit has-spinner\" type=\"submit\" value=\"Senden\" \/>\n<\/p><p style=\"display: none !important;\" class=\"akismet-fields-container\" data-prefix=\"_wpcf7_ak_\"><label>&#916;<textarea name=\"_wpcf7_ak_hp_textarea\" cols=\"45\" rows=\"8\" maxlength=\"100\"><\/textarea><\/label><input type=\"hidden\" id=\"ak_js_1\" name=\"_wpcf7_ak_js\" value=\"154\"\/><script>document.getElementById( \"ak_js_1\" ).setAttribute( \"value\", ( new Date() ).getTime() );<\/script><\/p><div class=\"wpcf7-response-output\" aria-hidden=\"true\"><\/div>\n<\/form>\n<\/div>\n<\/div>\n<\/div>\n\n\n\n<p class=\"has-medium-font-size\"><\/p>\n","protected":false},"excerpt":{"rendered":"<p>Grand Siam Thaimassage Schwerte Ostenstr. 32a58239 Schwerte Email: info@grandsiam-thaimassage.deTelefon :&nbsp; 0 23 04 \u2013 9 11 85 26Mobil&nbsp;: &nbsp; &nbsp; 01 79 \u2013&nbsp; 566 65 98 \u00d6ffnungszeiten T\u00e4glich von 10:00 bis 19:00 Uhr (Au\u00dfer Dienstags)Feiertags ge\u00f6ffnet Termin Buchen > Kontaktieren Sie uns<\/p>\n","protected":false},"author":1,"featured_media":0,"parent":0,"menu_order":0,"comment_status":"closed","ping_status":"closed","template":"","meta":{"footnotes":""},"class_list":["post-63","page","type-page","status-publish","hentry"],"yoast_head":"<!-- This site is optimized with the Yoast SEO plugin v26.9 - https:\/\/yoast.com\/product\/yoast-seo-wordpress\/ -->\n<title>Kontakt - Grandsiam Thaimassage Schwerte<\/title>\n<meta name=\"robots\" content=\"index, follow, max-snippet:-1, max-image-preview:large, max-video-preview:-1\" \/>\n<link rel=\"canonical\" href=\"https:\/\/grandsiam-thaimassage.de\/index.php\/kontakt\/\" \/>\n<meta property=\"og:locale\" content=\"de_DE\" \/>\n<meta property=\"og:type\" content=\"article\" \/>\n<meta property=\"og:title\" content=\"Kontakt - Grandsiam Thaimassage Schwerte\" \/>\n<meta property=\"og:description\" content=\"Grand Siam Thaimassage Schwerte Ostenstr. 32a58239 Schwerte Email: info@grandsiam-thaimassage.deTelefon :&nbsp; 0 23 04 \u2013 9 11 85 26Mobil&nbsp;: &nbsp; &nbsp; 01 79 \u2013&nbsp; 566 65 98 \u00d6ffnungszeiten T\u00e4glich von 10:00 bis 19:00 Uhr (Au\u00dfer Dienstags)Feiertags ge\u00f6ffnet Termin Buchen &gt; Kontaktieren Sie uns\" \/>\n<meta property=\"og:url\" content=\"https:\/\/grandsiam-thaimassage.de\/index.php\/kontakt\/\" \/>\n<meta property=\"og:site_name\" content=\"Grandsiam Thaimassage Schwerte\" \/>\n<meta property=\"article:modified_time\" content=\"2025-09-19T16:54:10+00:00\" \/>\n<meta property=\"og:image\" content=\"https:\/\/grandsiam-thaimassage.de\/wp-content\/uploads\/2024\/11\/whatse_k.png\" \/>\n\t<meta property=\"og:image:width\" content=\"80\" \/>\n\t<meta property=\"og:image:height\" content=\"80\" \/>\n\t<meta property=\"og:image:type\" content=\"image\/png\" \/>\n<meta name=\"twitter:card\" content=\"summary_large_image\" \/>\n<script type=\"application\/ld+json\" class=\"yoast-schema-graph\">{\"@context\":\"https:\/\/schema.org\",\"@graph\":[{\"@type\":\"WebPage\",\"@id\":\"https:\/\/grandsiam-thaimassage.de\/index.php\/kontakt\/\",\"url\":\"https:\/\/grandsiam-thaimassage.de\/index.php\/kontakt\/\",\"name\":\"Kontakt - Grandsiam Thaimassage Schwerte\",\"isPartOf\":{\"@id\":\"https:\/\/grandsiam-thaimassage.de\/#website\"},\"primaryImageOfPage\":{\"@id\":\"https:\/\/grandsiam-thaimassage.de\/index.php\/kontakt\/#primaryimage\"},\"image\":{\"@id\":\"https:\/\/grandsiam-thaimassage.de\/index.php\/kontakt\/#primaryimage\"},\"thumbnailUrl\":\"https:\/\/grandsiam-thaimassage.de\/wp-content\/uploads\/2024\/11\/whatse_k.png\",\"datePublished\":\"2024-11-22T13:56:32+00:00\",\"dateModified\":\"2025-09-19T16:54:10+00:00\",\"breadcrumb\":{\"@id\":\"https:\/\/grandsiam-thaimassage.de\/index.php\/kontakt\/#breadcrumb\"},\"inLanguage\":\"de\",\"potentialAction\":[{\"@type\":\"ReadAction\",\"target\":[\"https:\/\/grandsiam-thaimassage.de\/index.php\/kontakt\/\"]}]},{\"@type\":\"ImageObject\",\"inLanguage\":\"de\",\"@id\":\"https:\/\/grandsiam-thaimassage.de\/index.php\/kontakt\/#primaryimage\",\"url\":\"https:\/\/grandsiam-thaimassage.de\/wp-content\/uploads\/2024\/11\/whatse_k.png\",\"contentUrl\":\"https:\/\/grandsiam-thaimassage.de\/wp-content\/uploads\/2024\/11\/whatse_k.png\",\"width\":80,\"height\":80},{\"@type\":\"BreadcrumbList\",\"@id\":\"https:\/\/grandsiam-thaimassage.de\/index.php\/kontakt\/#breadcrumb\",\"itemListElement\":[{\"@type\":\"ListItem\",\"position\":1,\"name\":\"Startseite\",\"item\":\"https:\/\/grandsiam-thaimassage.de\/\"},{\"@type\":\"ListItem\",\"position\":2,\"name\":\"Kontakt\"}]},{\"@type\":\"WebSite\",\"@id\":\"https:\/\/grandsiam-thaimassage.de\/#website\",\"url\":\"https:\/\/grandsiam-thaimassage.de\/\",\"name\":\"Grandsiam Thaimassage Schwerte\",\"description\":\"\",\"publisher\":{\"@id\":\"https:\/\/grandsiam-thaimassage.de\/#organization\"},\"potentialAction\":[{\"@type\":\"SearchAction\",\"target\":{\"@type\":\"EntryPoint\",\"urlTemplate\":\"https:\/\/grandsiam-thaimassage.de\/?s={search_term_string}\"},\"query-input\":{\"@type\":\"PropertyValueSpecification\",\"valueRequired\":true,\"valueName\":\"search_term_string\"}}],\"inLanguage\":\"de\"},{\"@type\":\"Organization\",\"@id\":\"https:\/\/grandsiam-thaimassage.de\/#organization\",\"name\":\"Grandsiam Thaimassage Schwerte\",\"url\":\"https:\/\/grandsiam-thaimassage.de\/\",\"logo\":{\"@type\":\"ImageObject\",\"inLanguage\":\"de\",\"@id\":\"https:\/\/grandsiam-thaimassage.de\/#\/schema\/logo\/image\/\",\"url\":\"https:\/\/grandsiam-thaimassage.de\/wp-content\/uploads\/2024\/11\/grand_siam_logo.png\",\"contentUrl\":\"https:\/\/grandsiam-thaimassage.de\/wp-content\/uploads\/2024\/11\/grand_siam_logo.png\",\"width\":248,\"height\":62,\"caption\":\"Grandsiam Thaimassage Schwerte\"},\"image\":{\"@id\":\"https:\/\/grandsiam-thaimassage.de\/#\/schema\/logo\/image\/\"}}]}<\/script>\n<!-- \/ Yoast SEO plugin. -->","yoast_head_json":{"title":"Kontakt - Grandsiam Thaimassage Schwerte","robots":{"index":"index","follow":"follow","max-snippet":"max-snippet:-1","max-image-preview":"max-image-preview:large","max-video-preview":"max-video-preview:-1"},"canonical":"https:\/\/grandsiam-thaimassage.de\/index.php\/kontakt\/","og_locale":"de_DE","og_type":"article","og_title":"Kontakt - Grandsiam Thaimassage Schwerte","og_description":"Grand Siam Thaimassage Schwerte Ostenstr. 32a58239 Schwerte Email: info@grandsiam-thaimassage.deTelefon :&nbsp; 0 23 04 \u2013 9 11 85 26Mobil&nbsp;: &nbsp; &nbsp; 01 79 \u2013&nbsp; 566 65 98 \u00d6ffnungszeiten T\u00e4glich von 10:00 bis 19:00 Uhr (Au\u00dfer Dienstags)Feiertags ge\u00f6ffnet Termin Buchen > Kontaktieren Sie uns","og_url":"https:\/\/grandsiam-thaimassage.de\/index.php\/kontakt\/","og_site_name":"Grandsiam Thaimassage Schwerte","article_modified_time":"2025-09-19T16:54:10+00:00","og_image":[{"width":80,"height":80,"url":"https:\/\/grandsiam-thaimassage.de\/wp-content\/uploads\/2024\/11\/whatse_k.png","type":"image\/png"}],"twitter_card":"summary_large_image","schema":{"@context":"https:\/\/schema.org","@graph":[{"@type":"WebPage","@id":"https:\/\/grandsiam-thaimassage.de\/index.php\/kontakt\/","url":"https:\/\/grandsiam-thaimassage.de\/index.php\/kontakt\/","name":"Kontakt - Grandsiam Thaimassage Schwerte","isPartOf":{"@id":"https:\/\/grandsiam-thaimassage.de\/#website"},"primaryImageOfPage":{"@id":"https:\/\/grandsiam-thaimassage.de\/index.php\/kontakt\/#primaryimage"},"image":{"@id":"https:\/\/grandsiam-thaimassage.de\/index.php\/kontakt\/#primaryimage"},"thumbnailUrl":"https:\/\/grandsiam-thaimassage.de\/wp-content\/uploads\/2024\/11\/whatse_k.png","datePublished":"2024-11-22T13:56:32+00:00","dateModified":"2025-09-19T16:54:10+00:00","breadcrumb":{"@id":"https:\/\/grandsiam-thaimassage.de\/index.php\/kontakt\/#breadcrumb"},"inLanguage":"de","potentialAction":[{"@type":"ReadAction","target":["https:\/\/grandsiam-thaimassage.de\/index.php\/kontakt\/"]}]},{"@type":"ImageObject","inLanguage":"de","@id":"https:\/\/grandsiam-thaimassage.de\/index.php\/kontakt\/#primaryimage","url":"https:\/\/grandsiam-thaimassage.de\/wp-content\/uploads\/2024\/11\/whatse_k.png","contentUrl":"https:\/\/grandsiam-thaimassage.de\/wp-content\/uploads\/2024\/11\/whatse_k.png","width":80,"height":80},{"@type":"BreadcrumbList","@id":"https:\/\/grandsiam-thaimassage.de\/index.php\/kontakt\/#breadcrumb","itemListElement":[{"@type":"ListItem","position":1,"name":"Startseite","item":"https:\/\/grandsiam-thaimassage.de\/"},{"@type":"ListItem","position":2,"name":"Kontakt"}]},{"@type":"WebSite","@id":"https:\/\/grandsiam-thaimassage.de\/#website","url":"https:\/\/grandsiam-thaimassage.de\/","name":"Grandsiam Thaimassage Schwerte","description":"","publisher":{"@id":"https:\/\/grandsiam-thaimassage.de\/#organization"},"potentialAction":[{"@type":"SearchAction","target":{"@type":"EntryPoint","urlTemplate":"https:\/\/grandsiam-thaimassage.de\/?s={search_term_string}"},"query-input":{"@type":"PropertyValueSpecification","valueRequired":true,"valueName":"search_term_string"}}],"inLanguage":"de"},{"@type":"Organization","@id":"https:\/\/grandsiam-thaimassage.de\/#organization","name":"Grandsiam Thaimassage Schwerte","url":"https:\/\/grandsiam-thaimassage.de\/","logo":{"@type":"ImageObject","inLanguage":"de","@id":"https:\/\/grandsiam-thaimassage.de\/#\/schema\/logo\/image\/","url":"https:\/\/grandsiam-thaimassage.de\/wp-content\/uploads\/2024\/11\/grand_siam_logo.png","contentUrl":"https:\/\/grandsiam-thaimassage.de\/wp-content\/uploads\/2024\/11\/grand_siam_logo.png","width":248,"height":62,"caption":"Grandsiam Thaimassage Schwerte"},"image":{"@id":"https:\/\/grandsiam-thaimassage.de\/#\/schema\/logo\/image\/"}}]}},"_links":{"self":[{"href":"https:\/\/grandsiam-thaimassage.de\/index.php\/wp-json\/wp\/v2\/pages\/63","targetHints":{"allow":["GET"]}}],"collection":[{"href":"https:\/\/grandsiam-thaimassage.de\/index.php\/wp-json\/wp\/v2\/pages"}],"about":[{"href":"https:\/\/grandsiam-thaimassage.de\/index.php\/wp-json\/wp\/v2\/types\/page"}],"author":[{"embeddable":true,"href":"https:\/\/grandsiam-thaimassage.de\/index.php\/wp-json\/wp\/v2\/users\/1"}],"replies":[{"embeddable":true,"href":"https:\/\/grandsiam-thaimassage.de\/index.php\/wp-json\/wp\/v2\/comments?post=63"}],"version-history":[{"count":6,"href":"https:\/\/grandsiam-thaimassage.de\/index.php\/wp-json\/wp\/v2\/pages\/63\/revisions"}],"predecessor-version":[{"id":700,"href":"https:\/\/grandsiam-thaimassage.de\/index.php\/wp-json\/wp\/v2\/pages\/63\/revisions\/700"}],"wp:attachment":[{"href":"https:\/\/grandsiam-thaimassage.de\/index.php\/wp-json\/wp\/v2\/media?parent=63"}],"curies":[{"name":"wp","href":"https:\/\/api.w.org\/{rel}","templated":true}]}}